{"id":4631,"date":"2025-07-16T06:18:31","date_gmt":"2025-07-16T06:18:31","guid":{"rendered":"https:\/\/emerge.indusnettechnologies.com\/sarlatech\/wp\/?page_id=4631"},"modified":"2025-08-06T15:21:42","modified_gmt":"2025-08-06T15:21:42","slug":"energie","status":"publish","type":"page","link":"https:\/\/sarlatech.com\/fr\/secteurs\/energie\/","title":{"rendered":"\u00c9nergie"},"content":{"rendered":"<p>Nous am\u00e9liorons les performances du secteur de l\u2019\u00e9nergie en int\u00e9grant des technologies de pointe, en am\u00e9liorant les op\u00e9rations et en assurant une croissance durable gr\u00e2ce \u00e0 l\u2019automatisation et aux solutions intelligentes.<\/p>\n","protected":false},"excerpt":{"rendered":"<p>Nous am\u00e9liorons les performances du secteur de l\u2019\u00e9nergie en int\u00e9grant des technologies de pointe, en am\u00e9liorant les op\u00e9rations et en assurant une croissance durable gr\u00e2ce \u00e0 l\u2019automatisation et aux solutions intelligentes.<\/p>\n","protected":false},"author":5,"featured_media":4540,"parent":1385,"menu_order":0,"comment_status":"closed","ping_status":"closed","template":"templates\/template-sector-list.php","meta":{"_acf_changed":false,"footnotes":""},"class_list":["post-4631","page","type-page","status-publish","has-post-thumbnail","hentry","entry"],"acf":[],"yoast_head":"<!-- This site is optimized with the Yoast SEO plugin v27.3 - https:\/\/yoast.com\/product\/yoast-seo-wordpress\/ -->\n<title>\u00c9nergie - Sarla Technologies<\/title>\n<meta name=\"robots\" content=\"index, follow, max-snippet:-1, max-image-preview:large, max-video-preview:-1\" \/>\n<link rel=\"canonical\" href=\"https:\/\/sarlatech.com\/fr\/secteurs\/energie\/\" \/>\n<meta property=\"og:locale\" content=\"fr_FR\" \/>\n<meta property=\"og:type\" content=\"article\" \/>\n<meta property=\"og:title\" content=\"\u00c9nergie - Sarla Technologies\" \/>\n<meta property=\"og:description\" content=\"Nous am\u00e9liorons les performances du secteur de l\u2019\u00e9nergie en int\u00e9grant des technologies de pointe, en am\u00e9liorant les op\u00e9rations et en assurant une croissance durable gr\u00e2ce \u00e0 l\u2019automatisation et aux solutions intelligentes.\" \/>\n<meta property=\"og:url\" content=\"https:\/\/sarlatech.com\/fr\/secteurs\/energie\/\" \/>\n<meta property=\"og:site_name\" content=\"Sarla Technologies\" \/>\n<meta property=\"article:modified_time\" content=\"2025-08-06T15:21:42+00:00\" \/>\n<meta property=\"og:image\" content=\"https:\/\/sarlatech.com\/wp-content\/uploads\/2025\/07\/shutterstock_2514979649-2.webp\" \/>\n\t<meta property=\"og:image:width\" content=\"1920\" \/>\n\t<meta property=\"og:image:height\" content=\"600\" \/>\n\t<meta property=\"og:image:type\" content=\"image\/webp\" \/>\n<meta name=\"twitter:card\" content=\"summary_large_image\" \/>\n<meta name=\"twitter:label1\" content=\"Dur\u00e9e de lecture estim\u00e9e\" \/>\n\t<meta name=\"twitter:data1\" content=\"1 minute\" \/>\n<script type=\"application\/ld+json\" class=\"yoast-schema-graph\">{\"@context\":\"https:\\\/\\\/schema.org\",\"@graph\":[{\"@type\":\"WebPage\",\"@id\":\"https:\\\/\\\/sarlatech.com\\\/fr\\\/secteurs\\\/energie\\\/\",\"url\":\"https:\\\/\\\/sarlatech.com\\\/fr\\\/secteurs\\\/energie\\\/\",\"name\":\"\u00c9nergie - Sarla Technologies\",\"isPartOf\":{\"@id\":\"https:\\\/\\\/sarlatech.com\\\/fr\\\/#website\"},\"primaryImageOfPage\":{\"@id\":\"https:\\\/\\\/sarlatech.com\\\/fr\\\/secteurs\\\/energie\\\/#primaryimage\"},\"image\":{\"@id\":\"https:\\\/\\\/sarlatech.com\\\/fr\\\/secteurs\\\/energie\\\/#primaryimage\"},\"thumbnailUrl\":\"https:\\\/\\\/sarlatech.com\\\/wp-content\\\/uploads\\\/2025\\\/07\\\/shutterstock_2514979649-2.webp\",\"datePublished\":\"2025-07-16T06:18:31+00:00\",\"dateModified\":\"2025-08-06T15:21:42+00:00\",\"breadcrumb\":{\"@id\":\"https:\\\/\\\/sarlatech.com\\\/fr\\\/secteurs\\\/energie\\\/#breadcrumb\"},\"inLanguage\":\"fr-FR\",\"potentialAction\":[{\"@type\":\"ReadAction\",\"target\":[\"https:\\\/\\\/sarlatech.com\\\/fr\\\/secteurs\\\/energie\\\/\"]}]},{\"@type\":\"ImageObject\",\"inLanguage\":\"fr-FR\",\"@id\":\"https:\\\/\\\/sarlatech.com\\\/fr\\\/secteurs\\\/energie\\\/#primaryimage\",\"url\":\"https:\\\/\\\/sarlatech.com\\\/wp-content\\\/uploads\\\/2025\\\/07\\\/shutterstock_2514979649-2.webp\",\"contentUrl\":\"https:\\\/\\\/sarlatech.com\\\/wp-content\\\/uploads\\\/2025\\\/07\\\/shutterstock_2514979649-2.webp\",\"width\":1920,\"height\":600},{\"@type\":\"BreadcrumbList\",\"@id\":\"https:\\\/\\\/sarlatech.com\\\/fr\\\/secteurs\\\/energie\\\/#breadcrumb\",\"itemListElement\":[{\"@type\":\"ListItem\",\"position\":1,\"name\":\"Home\",\"item\":\"https:\\\/\\\/sarlatech.com\\\/fr\\\/\"},{\"@type\":\"ListItem\",\"position\":2,\"name\":\"Secteurs\",\"item\":\"https:\\\/\\\/sarlatech.com\\\/fr\\\/secteurs\\\/\"},{\"@type\":\"ListItem\",\"position\":3,\"name\":\"\u00c9nergie\"}]},{\"@type\":\"WebSite\",\"@id\":\"https:\\\/\\\/sarlatech.com\\\/fr\\\/#website\",\"url\":\"https:\\\/\\\/sarlatech.com\\\/fr\\\/\",\"name\":\"Sarla Technologies\",\"description\":\"Digital Consulting and Solutions Partner\",\"publisher\":{\"@id\":\"https:\\\/\\\/sarlatech.com\\\/fr\\\/#organization\"},\"potentialAction\":[{\"@type\":\"SearchAction\",\"target\":{\"@type\":\"EntryPoint\",\"urlTemplate\":\"https:\\\/\\\/sarlatech.com\\\/fr\\\/?s={search_term_string}\"},\"query-input\":{\"@type\":\"PropertyValueSpecification\",\"valueRequired\":true,\"valueName\":\"search_term_string\"}}],\"inLanguage\":\"fr-FR\"},{\"@type\":\"Organization\",\"@id\":\"https:\\\/\\\/sarlatech.com\\\/fr\\\/#organization\",\"name\":\"Sarla Technologies\",\"url\":\"https:\\\/\\\/sarlatech.com\\\/fr\\\/\",\"logo\":{\"@type\":\"ImageObject\",\"inLanguage\":\"fr-FR\",\"@id\":\"https:\\\/\\\/sarlatech.com\\\/fr\\\/#\\\/schema\\\/logo\\\/image\\\/\",\"url\":\"https:\\\/\\\/sarlatech.com\\\/wp-content\\\/uploads\\\/2025\\\/07\\\/Sarla-Logo.webp\",\"contentUrl\":\"https:\\\/\\\/sarlatech.com\\\/wp-content\\\/uploads\\\/2025\\\/07\\\/Sarla-Logo.webp\",\"width\":424,\"height\":184,\"caption\":\"Sarla Technologies\"},\"image\":{\"@id\":\"https:\\\/\\\/sarlatech.com\\\/fr\\\/#\\\/schema\\\/logo\\\/image\\\/\"}}]}<\/script>\n<!-- \/ Yoast SEO plugin. -->","yoast_head_json":{"title":"\u00c9nergie - Sarla Technologies","robots":{"index":"index","follow":"follow","max-snippet":"max-snippet:-1","max-image-preview":"max-image-preview:large","max-video-preview":"max-video-preview:-1"},"canonical":"https:\/\/sarlatech.com\/fr\/secteurs\/energie\/","og_locale":"fr_FR","og_type":"article","og_title":"\u00c9nergie - Sarla Technologies","og_description":"Nous am\u00e9liorons les performances du secteur de l\u2019\u00e9nergie en int\u00e9grant des technologies de pointe, en am\u00e9liorant les op\u00e9rations et en assurant une croissance durable gr\u00e2ce \u00e0 l\u2019automatisation et aux solutions intelligentes.","og_url":"https:\/\/sarlatech.com\/fr\/secteurs\/energie\/","og_site_name":"Sarla Technologies","article_modified_time":"2025-08-06T15:21:42+00:00","og_image":[{"width":1920,"height":600,"url":"https:\/\/sarlatech.com\/wp-content\/uploads\/2025\/07\/shutterstock_2514979649-2.webp","type":"image\/webp"}],"twitter_card":"summary_large_image","twitter_misc":{"Dur\u00e9e de lecture estim\u00e9e":"1 minute"},"schema":{"@context":"https:\/\/schema.org","@graph":[{"@type":"WebPage","@id":"https:\/\/sarlatech.com\/fr\/secteurs\/energie\/","url":"https:\/\/sarlatech.com\/fr\/secteurs\/energie\/","name":"\u00c9nergie - Sarla Technologies","isPartOf":{"@id":"https:\/\/sarlatech.com\/fr\/#website"},"primaryImageOfPage":{"@id":"https:\/\/sarlatech.com\/fr\/secteurs\/energie\/#primaryimage"},"image":{"@id":"https:\/\/sarlatech.com\/fr\/secteurs\/energie\/#primaryimage"},"thumbnailUrl":"https:\/\/sarlatech.com\/wp-content\/uploads\/2025\/07\/shutterstock_2514979649-2.webp","datePublished":"2025-07-16T06:18:31+00:00","dateModified":"2025-08-06T15:21:42+00:00","breadcrumb":{"@id":"https:\/\/sarlatech.com\/fr\/secteurs\/energie\/#breadcrumb"},"inLanguage":"fr-FR","potentialAction":[{"@type":"ReadAction","target":["https:\/\/sarlatech.com\/fr\/secteurs\/energie\/"]}]},{"@type":"ImageObject","inLanguage":"fr-FR","@id":"https:\/\/sarlatech.com\/fr\/secteurs\/energie\/#primaryimage","url":"https:\/\/sarlatech.com\/wp-content\/uploads\/2025\/07\/shutterstock_2514979649-2.webp","contentUrl":"https:\/\/sarlatech.com\/wp-content\/uploads\/2025\/07\/shutterstock_2514979649-2.webp","width":1920,"height":600},{"@type":"BreadcrumbList","@id":"https:\/\/sarlatech.com\/fr\/secteurs\/energie\/#breadcrumb","itemListElement":[{"@type":"ListItem","position":1,"name":"Home","item":"https:\/\/sarlatech.com\/fr\/"},{"@type":"ListItem","position":2,"name":"Secteurs","item":"https:\/\/sarlatech.com\/fr\/secteurs\/"},{"@type":"ListItem","position":3,"name":"\u00c9nergie"}]},{"@type":"WebSite","@id":"https:\/\/sarlatech.com\/fr\/#website","url":"https:\/\/sarlatech.com\/fr\/","name":"Sarla Technologies","description":"Digital Consulting and Solutions Partner","publisher":{"@id":"https:\/\/sarlatech.com\/fr\/#organization"},"potentialAction":[{"@type":"SearchAction","target":{"@type":"EntryPoint","urlTemplate":"https:\/\/sarlatech.com\/fr\/?s={search_term_string}"},"query-input":{"@type":"PropertyValueSpecification","valueRequired":true,"valueName":"search_term_string"}}],"inLanguage":"fr-FR"},{"@type":"Organization","@id":"https:\/\/sarlatech.com\/fr\/#organization","name":"Sarla Technologies","url":"https:\/\/sarlatech.com\/fr\/","logo":{"@type":"ImageObject","inLanguage":"fr-FR","@id":"https:\/\/sarlatech.com\/fr\/#\/schema\/logo\/image\/","url":"https:\/\/sarlatech.com\/wp-content\/uploads\/2025\/07\/Sarla-Logo.webp","contentUrl":"https:\/\/sarlatech.com\/wp-content\/uploads\/2025\/07\/Sarla-Logo.webp","width":424,"height":184,"caption":"Sarla Technologies"},"image":{"@id":"https:\/\/sarlatech.com\/fr\/#\/schema\/logo\/image\/"}}]}},"_links":{"self":[{"href":"https:\/\/sarlatech.com\/fr\/wp-json\/wp\/v2\/pages\/4631","targetHints":{"allow":["GET"]}}],"collection":[{"href":"https:\/\/sarlatech.com\/fr\/wp-json\/wp\/v2\/pages"}],"about":[{"href":"https:\/\/sarlatech.com\/fr\/wp-json\/wp\/v2\/types\/page"}],"author":[{"embeddable":true,"href":"https:\/\/sarlatech.com\/fr\/wp-json\/wp\/v2\/users\/5"}],"replies":[{"embeddable":true,"href":"https:\/\/sarlatech.com\/fr\/wp-json\/wp\/v2\/comments?post=4631"}],"version-history":[{"count":9,"href":"https:\/\/sarlatech.com\/fr\/wp-json\/wp\/v2\/pages\/4631\/revisions"}],"predecessor-version":[{"id":5883,"href":"https:\/\/sarlatech.com\/fr\/wp-json\/wp\/v2\/pages\/4631\/revisions\/5883"}],"up":[{"embeddable":true,"href":"https:\/\/sarlatech.com\/fr\/wp-json\/wp\/v2\/pages\/1385"}],"wp:featuredmedia":[{"embeddable":true,"href":"https:\/\/sarlatech.com\/fr\/wp-json\/wp\/v2\/media\/4540"}],"wp:attachment":[{"href":"https:\/\/sarlatech.com\/fr\/wp-json\/wp\/v2\/media?parent=4631"}],"curies":[{"name":"wp","href":"https:\/\/api.w.org\/{rel}","templated":true}]}}