{"id":4619,"date":"2025-07-16T05:52:25","date_gmt":"2025-07-16T05:52:25","guid":{"rendered":"https:\/\/emerge.indusnettechnologies.com\/sarlatech\/wp\/?page_id=4619"},"modified":"2025-08-01T13:02:12","modified_gmt":"2025-08-01T13:02:12","slug":"nourriture-et-boissons","status":"publish","type":"page","link":"https:\/\/sarlatech.com\/fr\/secteurs\/nourriture-et-boissons\/","title":{"rendered":"Nourriture et boissons"},"content":{"rendered":"<p>Nous favorisons l\u2019efficacit\u00e9, la qualit\u00e9 et la r\u00e9gularit\u00e9 dans le secteur de l\u2019alimentation et des boissons gr\u00e2ce \u00e0 l\u2019automatisation. Nos solutions am\u00e9liorent les processus, augmentent le rendement et garantissent la conformit\u00e9 r\u00e9glementaire.<\/p>\n","protected":false},"excerpt":{"rendered":"<p>Nous favorisons l\u2019efficacit\u00e9, la qualit\u00e9 et la r\u00e9gularit\u00e9 dans le secteur de l\u2019alimentation et des boissons gr\u00e2ce \u00e0 l\u2019automatisation. Nos solutions am\u00e9liorent les processus, augmentent le rendement et garantissent la conformit\u00e9 r\u00e9glementaire.<\/p>\n","protected":false},"author":5,"featured_media":4125,"parent":1385,"menu_order":0,"comment_status":"closed","ping_status":"closed","template":"templates\/template-sector-list.php","meta":{"_acf_changed":false,"footnotes":""},"class_list":["post-4619","page","type-page","status-publish","has-post-thumbnail","hentry","entry"],"acf":[],"yoast_head":"<!-- This site is optimized with the Yoast SEO plugin v27.3 - https:\/\/yoast.com\/product\/yoast-seo-wordpress\/ -->\n<title>Nourriture et boissons - Sarla Technologies<\/title>\n<meta name=\"robots\" content=\"index, follow, max-snippet:-1, max-image-preview:large, max-video-preview:-1\" \/>\n<link rel=\"canonical\" href=\"https:\/\/sarlatech.com\/fr\/secteurs\/nourriture-et-boissons\/\" \/>\n<meta property=\"og:locale\" content=\"fr_FR\" \/>\n<meta property=\"og:type\" content=\"article\" \/>\n<meta property=\"og:title\" content=\"Nourriture et boissons - Sarla Technologies\" \/>\n<meta property=\"og:description\" content=\"Nous favorisons l\u2019efficacit\u00e9, la qualit\u00e9 et la r\u00e9gularit\u00e9 dans le secteur de l\u2019alimentation et des boissons gr\u00e2ce \u00e0 l\u2019automatisation. Nos solutions am\u00e9liorent les processus, augmentent le rendement et garantissent la conformit\u00e9 r\u00e9glementaire.\" \/>\n<meta property=\"og:url\" content=\"https:\/\/sarlatech.com\/fr\/secteurs\/nourriture-et-boissons\/\" \/>\n<meta property=\"og:site_name\" content=\"Sarla Technologies\" \/>\n<meta property=\"article:modified_time\" content=\"2025-08-01T13:02:12+00:00\" \/>\n<meta property=\"og:image\" content=\"https:\/\/sarlatech.com\/wp-content\/uploads\/2025\/07\/shutterstock_2125898954-2-1.webp\" \/>\n\t<meta property=\"og:image:width\" content=\"1918\" \/>\n\t<meta property=\"og:image:height\" content=\"672\" \/>\n\t<meta property=\"og:image:type\" content=\"image\/webp\" \/>\n<meta name=\"twitter:card\" content=\"summary_large_image\" \/>\n<meta name=\"twitter:label1\" content=\"Dur\u00e9e de lecture estim\u00e9e\" \/>\n\t<meta name=\"twitter:data1\" content=\"1 minute\" \/>\n<script type=\"application\/ld+json\" class=\"yoast-schema-graph\">{\"@context\":\"https:\\\/\\\/schema.org\",\"@graph\":[{\"@type\":\"WebPage\",\"@id\":\"https:\\\/\\\/sarlatech.com\\\/fr\\\/secteurs\\\/nourriture-et-boissons\\\/\",\"url\":\"https:\\\/\\\/sarlatech.com\\\/fr\\\/secteurs\\\/nourriture-et-boissons\\\/\",\"name\":\"Nourriture et boissons - Sarla Technologies\",\"isPartOf\":{\"@id\":\"https:\\\/\\\/sarlatech.com\\\/fr\\\/#website\"},\"primaryImageOfPage\":{\"@id\":\"https:\\\/\\\/sarlatech.com\\\/fr\\\/secteurs\\\/nourriture-et-boissons\\\/#primaryimage\"},\"image\":{\"@id\":\"https:\\\/\\\/sarlatech.com\\\/fr\\\/secteurs\\\/nourriture-et-boissons\\\/#primaryimage\"},\"thumbnailUrl\":\"https:\\\/\\\/sarlatech.com\\\/wp-content\\\/uploads\\\/2025\\\/07\\\/shutterstock_2125898954-2-1.webp\",\"datePublished\":\"2025-07-16T05:52:25+00:00\",\"dateModified\":\"2025-08-01T13:02:12+00:00\",\"breadcrumb\":{\"@id\":\"https:\\\/\\\/sarlatech.com\\\/fr\\\/secteurs\\\/nourriture-et-boissons\\\/#breadcrumb\"},\"inLanguage\":\"fr-FR\",\"potentialAction\":[{\"@type\":\"ReadAction\",\"target\":[\"https:\\\/\\\/sarlatech.com\\\/fr\\\/secteurs\\\/nourriture-et-boissons\\\/\"]}]},{\"@type\":\"ImageObject\",\"inLanguage\":\"fr-FR\",\"@id\":\"https:\\\/\\\/sarlatech.com\\\/fr\\\/secteurs\\\/nourriture-et-boissons\\\/#primaryimage\",\"url\":\"https:\\\/\\\/sarlatech.com\\\/wp-content\\\/uploads\\\/2025\\\/07\\\/shutterstock_2125898954-2-1.webp\",\"contentUrl\":\"https:\\\/\\\/sarlatech.com\\\/wp-content\\\/uploads\\\/2025\\\/07\\\/shutterstock_2125898954-2-1.webp\",\"width\":1918,\"height\":672},{\"@type\":\"BreadcrumbList\",\"@id\":\"https:\\\/\\\/sarlatech.com\\\/fr\\\/secteurs\\\/nourriture-et-boissons\\\/#breadcrumb\",\"itemListElement\":[{\"@type\":\"ListItem\",\"position\":1,\"name\":\"Home\",\"item\":\"https:\\\/\\\/sarlatech.com\\\/fr\\\/\"},{\"@type\":\"ListItem\",\"position\":2,\"name\":\"Secteurs\",\"item\":\"https:\\\/\\\/sarlatech.com\\\/fr\\\/secteurs\\\/\"},{\"@type\":\"ListItem\",\"position\":3,\"name\":\"Nourriture et boissons\"}]},{\"@type\":\"WebSite\",\"@id\":\"https:\\\/\\\/sarlatech.com\\\/fr\\\/#website\",\"url\":\"https:\\\/\\\/sarlatech.com\\\/fr\\\/\",\"name\":\"Sarla Technologies\",\"description\":\"Digital Consulting and Solutions Partner\",\"publisher\":{\"@id\":\"https:\\\/\\\/sarlatech.com\\\/fr\\\/#organization\"},\"potentialAction\":[{\"@type\":\"SearchAction\",\"target\":{\"@type\":\"EntryPoint\",\"urlTemplate\":\"https:\\\/\\\/sarlatech.com\\\/fr\\\/?s={search_term_string}\"},\"query-input\":{\"@type\":\"PropertyValueSpecification\",\"valueRequired\":true,\"valueName\":\"search_term_string\"}}],\"inLanguage\":\"fr-FR\"},{\"@type\":\"Organization\",\"@id\":\"https:\\\/\\\/sarlatech.com\\\/fr\\\/#organization\",\"name\":\"Sarla Technologies\",\"url\":\"https:\\\/\\\/sarlatech.com\\\/fr\\\/\",\"logo\":{\"@type\":\"ImageObject\",\"inLanguage\":\"fr-FR\",\"@id\":\"https:\\\/\\\/sarlatech.com\\\/fr\\\/#\\\/schema\\\/logo\\\/image\\\/\",\"url\":\"https:\\\/\\\/sarlatech.com\\\/wp-content\\\/uploads\\\/2025\\\/07\\\/Sarla-Logo.webp\",\"contentUrl\":\"https:\\\/\\\/sarlatech.com\\\/wp-content\\\/uploads\\\/2025\\\/07\\\/Sarla-Logo.webp\",\"width\":424,\"height\":184,\"caption\":\"Sarla Technologies\"},\"image\":{\"@id\":\"https:\\\/\\\/sarlatech.com\\\/fr\\\/#\\\/schema\\\/logo\\\/image\\\/\"}}]}<\/script>\n<!-- \/ Yoast SEO plugin. -->","yoast_head_json":{"title":"Nourriture et boissons - Sarla Technologies","robots":{"index":"index","follow":"follow","max-snippet":"max-snippet:-1","max-image-preview":"max-image-preview:large","max-video-preview":"max-video-preview:-1"},"canonical":"https:\/\/sarlatech.com\/fr\/secteurs\/nourriture-et-boissons\/","og_locale":"fr_FR","og_type":"article","og_title":"Nourriture et boissons - Sarla Technologies","og_description":"Nous favorisons l\u2019efficacit\u00e9, la qualit\u00e9 et la r\u00e9gularit\u00e9 dans le secteur de l\u2019alimentation et des boissons gr\u00e2ce \u00e0 l\u2019automatisation. Nos solutions am\u00e9liorent les processus, augmentent le rendement et garantissent la conformit\u00e9 r\u00e9glementaire.","og_url":"https:\/\/sarlatech.com\/fr\/secteurs\/nourriture-et-boissons\/","og_site_name":"Sarla Technologies","article_modified_time":"2025-08-01T13:02:12+00:00","og_image":[{"width":1918,"height":672,"url":"https:\/\/sarlatech.com\/wp-content\/uploads\/2025\/07\/shutterstock_2125898954-2-1.webp","type":"image\/webp"}],"twitter_card":"summary_large_image","twitter_misc":{"Dur\u00e9e de lecture estim\u00e9e":"1 minute"},"schema":{"@context":"https:\/\/schema.org","@graph":[{"@type":"WebPage","@id":"https:\/\/sarlatech.com\/fr\/secteurs\/nourriture-et-boissons\/","url":"https:\/\/sarlatech.com\/fr\/secteurs\/nourriture-et-boissons\/","name":"Nourriture et boissons - Sarla Technologies","isPartOf":{"@id":"https:\/\/sarlatech.com\/fr\/#website"},"primaryImageOfPage":{"@id":"https:\/\/sarlatech.com\/fr\/secteurs\/nourriture-et-boissons\/#primaryimage"},"image":{"@id":"https:\/\/sarlatech.com\/fr\/secteurs\/nourriture-et-boissons\/#primaryimage"},"thumbnailUrl":"https:\/\/sarlatech.com\/wp-content\/uploads\/2025\/07\/shutterstock_2125898954-2-1.webp","datePublished":"2025-07-16T05:52:25+00:00","dateModified":"2025-08-01T13:02:12+00:00","breadcrumb":{"@id":"https:\/\/sarlatech.com\/fr\/secteurs\/nourriture-et-boissons\/#breadcrumb"},"inLanguage":"fr-FR","potentialAction":[{"@type":"ReadAction","target":["https:\/\/sarlatech.com\/fr\/secteurs\/nourriture-et-boissons\/"]}]},{"@type":"ImageObject","inLanguage":"fr-FR","@id":"https:\/\/sarlatech.com\/fr\/secteurs\/nourriture-et-boissons\/#primaryimage","url":"https:\/\/sarlatech.com\/wp-content\/uploads\/2025\/07\/shutterstock_2125898954-2-1.webp","contentUrl":"https:\/\/sarlatech.com\/wp-content\/uploads\/2025\/07\/shutterstock_2125898954-2-1.webp","width":1918,"height":672},{"@type":"BreadcrumbList","@id":"https:\/\/sarlatech.com\/fr\/secteurs\/nourriture-et-boissons\/#breadcrumb","itemListElement":[{"@type":"ListItem","position":1,"name":"Home","item":"https:\/\/sarlatech.com\/fr\/"},{"@type":"ListItem","position":2,"name":"Secteurs","item":"https:\/\/sarlatech.com\/fr\/secteurs\/"},{"@type":"ListItem","position":3,"name":"Nourriture et boissons"}]},{"@type":"WebSite","@id":"https:\/\/sarlatech.com\/fr\/#website","url":"https:\/\/sarlatech.com\/fr\/","name":"Sarla Technologies","description":"Digital Consulting and Solutions Partner","publisher":{"@id":"https:\/\/sarlatech.com\/fr\/#organization"},"potentialAction":[{"@type":"SearchAction","target":{"@type":"EntryPoint","urlTemplate":"https:\/\/sarlatech.com\/fr\/?s={search_term_string}"},"query-input":{"@type":"PropertyValueSpecification","valueRequired":true,"valueName":"search_term_string"}}],"inLanguage":"fr-FR"},{"@type":"Organization","@id":"https:\/\/sarlatech.com\/fr\/#organization","name":"Sarla Technologies","url":"https:\/\/sarlatech.com\/fr\/","logo":{"@type":"ImageObject","inLanguage":"fr-FR","@id":"https:\/\/sarlatech.com\/fr\/#\/schema\/logo\/image\/","url":"https:\/\/sarlatech.com\/wp-content\/uploads\/2025\/07\/Sarla-Logo.webp","contentUrl":"https:\/\/sarlatech.com\/wp-content\/uploads\/2025\/07\/Sarla-Logo.webp","width":424,"height":184,"caption":"Sarla Technologies"},"image":{"@id":"https:\/\/sarlatech.com\/fr\/#\/schema\/logo\/image\/"}}]}},"_links":{"self":[{"href":"https:\/\/sarlatech.com\/fr\/wp-json\/wp\/v2\/pages\/4619","targetHints":{"allow":["GET"]}}],"collection":[{"href":"https:\/\/sarlatech.com\/fr\/wp-json\/wp\/v2\/pages"}],"about":[{"href":"https:\/\/sarlatech.com\/fr\/wp-json\/wp\/v2\/types\/page"}],"author":[{"embeddable":true,"href":"https:\/\/sarlatech.com\/fr\/wp-json\/wp\/v2\/users\/5"}],"replies":[{"embeddable":true,"href":"https:\/\/sarlatech.com\/fr\/wp-json\/wp\/v2\/comments?post=4619"}],"version-history":[{"count":6,"href":"https:\/\/sarlatech.com\/fr\/wp-json\/wp\/v2\/pages\/4619\/revisions"}],"predecessor-version":[{"id":5699,"href":"https:\/\/sarlatech.com\/fr\/wp-json\/wp\/v2\/pages\/4619\/revisions\/5699"}],"up":[{"embeddable":true,"href":"https:\/\/sarlatech.com\/fr\/wp-json\/wp\/v2\/pages\/1385"}],"wp:featuredmedia":[{"embeddable":true,"href":"https:\/\/sarlatech.com\/fr\/wp-json\/wp\/v2\/media\/4125"}],"wp:attachment":[{"href":"https:\/\/sarlatech.com\/fr\/wp-json\/wp\/v2\/media?parent=4619"}],"curies":[{"name":"wp","href":"https:\/\/api.w.org\/{rel}","templated":true}]}}