{"id":4602,"date":"2025-07-16T04:13:51","date_gmt":"2025-07-16T04:13:51","guid":{"rendered":"https:\/\/emerge.indusnettechnologies.com\/sarlatech\/wp\/?page_id=4602"},"modified":"2025-08-08T10:35:52","modified_gmt":"2025-08-08T10:35:52","slug":"automobile-et-manutention","status":"publish","type":"page","link":"https:\/\/sarlatech.com\/fr\/secteurs\/automobile-et-manutention\/","title":{"rendered":"Automobile et manutention"},"content":{"rendered":"<p>Nous am\u00e9liorons les processus de production et d\u2019exploitation dans les secteurs de la fabrication automobile et de la manutention en tirant parti de l&rsquo;automatisation de pointe et des solutions ax\u00e9es sur les donn\u00e9es, afin d\u2019am\u00e9liorer la qualit\u00e9, d\u2019acc\u00e9l\u00e9rer les livraisons et de faire \u00e9voluer les op\u00e9rations efficacement.<\/p>\n","protected":false},"excerpt":{"rendered":"<p>Nous am\u00e9liorons les processus de production et d\u2019exploitation dans les secteurs de la fabrication automobile et de la manutention en tirant parti de l&rsquo;automatisation de pointe et des solutions ax\u00e9es sur les donn\u00e9es, afin d\u2019am\u00e9liorer la qualit\u00e9, d\u2019acc\u00e9l\u00e9rer les livraisons et de faire \u00e9voluer les op\u00e9rations efficacement.<\/p>\n","protected":false},"author":5,"featured_media":4137,"parent":1385,"menu_order":0,"comment_status":"closed","ping_status":"closed","template":"templates\/template-sector-list.php","meta":{"_acf_changed":false,"footnotes":""},"class_list":["post-4602","page","type-page","status-publish","has-post-thumbnail","hentry","entry"],"acf":[],"yoast_head":"<!-- This site is optimized with the Yoast SEO plugin v27.3 - https:\/\/yoast.com\/product\/yoast-seo-wordpress\/ -->\n<title>Automobile et manutention - Sarla Technologies<\/title>\n<meta name=\"robots\" content=\"index, follow, max-snippet:-1, max-image-preview:large, max-video-preview:-1\" \/>\n<link rel=\"canonical\" href=\"https:\/\/sarlatech.com\/fr\/secteurs\/automobile-et-manutention\/\" \/>\n<meta property=\"og:locale\" content=\"fr_FR\" \/>\n<meta property=\"og:type\" content=\"article\" \/>\n<meta property=\"og:title\" content=\"Automobile et manutention - Sarla Technologies\" \/>\n<meta property=\"og:description\" content=\"Nous am\u00e9liorons les processus de production et d\u2019exploitation dans les secteurs de la fabrication automobile et de la manutention en tirant parti de l&rsquo;automatisation de pointe et des solutions ax\u00e9es sur les donn\u00e9es, afin d\u2019am\u00e9liorer la qualit\u00e9, d\u2019acc\u00e9l\u00e9rer les livraisons et de faire \u00e9voluer les op\u00e9rations efficacement.\" \/>\n<meta property=\"og:url\" content=\"https:\/\/sarlatech.com\/fr\/secteurs\/automobile-et-manutention\/\" \/>\n<meta property=\"og:site_name\" content=\"Sarla Technologies\" \/>\n<meta property=\"article:modified_time\" content=\"2025-08-08T10:35:52+00:00\" \/>\n<meta property=\"og:image\" content=\"https:\/\/sarlatech.com\/wp-content\/uploads\/2025\/07\/shutterstock_2476186489-2.webp\" \/>\n\t<meta property=\"og:image:width\" content=\"1916\" \/>\n\t<meta property=\"og:image:height\" content=\"812\" \/>\n\t<meta property=\"og:image:type\" content=\"image\/webp\" \/>\n<meta name=\"twitter:card\" content=\"summary_large_image\" \/>\n<meta name=\"twitter:label1\" content=\"Dur\u00e9e de lecture estim\u00e9e\" \/>\n\t<meta name=\"twitter:data1\" content=\"1 minute\" \/>\n<script type=\"application\/ld+json\" class=\"yoast-schema-graph\">{\"@context\":\"https:\\\/\\\/schema.org\",\"@graph\":[{\"@type\":\"WebPage\",\"@id\":\"https:\\\/\\\/sarlatech.com\\\/fr\\\/secteurs\\\/automobile-et-manutention\\\/\",\"url\":\"https:\\\/\\\/sarlatech.com\\\/fr\\\/secteurs\\\/automobile-et-manutention\\\/\",\"name\":\"Automobile et manutention - Sarla Technologies\",\"isPartOf\":{\"@id\":\"https:\\\/\\\/sarlatech.com\\\/fr\\\/#website\"},\"primaryImageOfPage\":{\"@id\":\"https:\\\/\\\/sarlatech.com\\\/fr\\\/secteurs\\\/automobile-et-manutention\\\/#primaryimage\"},\"image\":{\"@id\":\"https:\\\/\\\/sarlatech.com\\\/fr\\\/secteurs\\\/automobile-et-manutention\\\/#primaryimage\"},\"thumbnailUrl\":\"https:\\\/\\\/sarlatech.com\\\/wp-content\\\/uploads\\\/2025\\\/07\\\/shutterstock_2476186489-2.webp\",\"datePublished\":\"2025-07-16T04:13:51+00:00\",\"dateModified\":\"2025-08-08T10:35:52+00:00\",\"breadcrumb\":{\"@id\":\"https:\\\/\\\/sarlatech.com\\\/fr\\\/secteurs\\\/automobile-et-manutention\\\/#breadcrumb\"},\"inLanguage\":\"fr-FR\",\"potentialAction\":[{\"@type\":\"ReadAction\",\"target\":[\"https:\\\/\\\/sarlatech.com\\\/fr\\\/secteurs\\\/automobile-et-manutention\\\/\"]}]},{\"@type\":\"ImageObject\",\"inLanguage\":\"fr-FR\",\"@id\":\"https:\\\/\\\/sarlatech.com\\\/fr\\\/secteurs\\\/automobile-et-manutention\\\/#primaryimage\",\"url\":\"https:\\\/\\\/sarlatech.com\\\/wp-content\\\/uploads\\\/2025\\\/07\\\/shutterstock_2476186489-2.webp\",\"contentUrl\":\"https:\\\/\\\/sarlatech.com\\\/wp-content\\\/uploads\\\/2025\\\/07\\\/shutterstock_2476186489-2.webp\",\"width\":1916,\"height\":812},{\"@type\":\"BreadcrumbList\",\"@id\":\"https:\\\/\\\/sarlatech.com\\\/fr\\\/secteurs\\\/automobile-et-manutention\\\/#breadcrumb\",\"itemListElement\":[{\"@type\":\"ListItem\",\"position\":1,\"name\":\"Home\",\"item\":\"https:\\\/\\\/sarlatech.com\\\/fr\\\/\"},{\"@type\":\"ListItem\",\"position\":2,\"name\":\"Secteurs\",\"item\":\"https:\\\/\\\/sarlatech.com\\\/fr\\\/secteurs\\\/\"},{\"@type\":\"ListItem\",\"position\":3,\"name\":\"Automobile et manutention\"}]},{\"@type\":\"WebSite\",\"@id\":\"https:\\\/\\\/sarlatech.com\\\/fr\\\/#website\",\"url\":\"https:\\\/\\\/sarlatech.com\\\/fr\\\/\",\"name\":\"Sarla Technologies\",\"description\":\"Digital Consulting and Solutions Partner\",\"publisher\":{\"@id\":\"https:\\\/\\\/sarlatech.com\\\/fr\\\/#organization\"},\"potentialAction\":[{\"@type\":\"SearchAction\",\"target\":{\"@type\":\"EntryPoint\",\"urlTemplate\":\"https:\\\/\\\/sarlatech.com\\\/fr\\\/?s={search_term_string}\"},\"query-input\":{\"@type\":\"PropertyValueSpecification\",\"valueRequired\":true,\"valueName\":\"search_term_string\"}}],\"inLanguage\":\"fr-FR\"},{\"@type\":\"Organization\",\"@id\":\"https:\\\/\\\/sarlatech.com\\\/fr\\\/#organization\",\"name\":\"Sarla Technologies\",\"url\":\"https:\\\/\\\/sarlatech.com\\\/fr\\\/\",\"logo\":{\"@type\":\"ImageObject\",\"inLanguage\":\"fr-FR\",\"@id\":\"https:\\\/\\\/sarlatech.com\\\/fr\\\/#\\\/schema\\\/logo\\\/image\\\/\",\"url\":\"https:\\\/\\\/sarlatech.com\\\/wp-content\\\/uploads\\\/2025\\\/07\\\/Sarla-Logo.webp\",\"contentUrl\":\"https:\\\/\\\/sarlatech.com\\\/wp-content\\\/uploads\\\/2025\\\/07\\\/Sarla-Logo.webp\",\"width\":424,\"height\":184,\"caption\":\"Sarla Technologies\"},\"image\":{\"@id\":\"https:\\\/\\\/sarlatech.com\\\/fr\\\/#\\\/schema\\\/logo\\\/image\\\/\"}}]}<\/script>\n<!-- \/ Yoast SEO plugin. -->","yoast_head_json":{"title":"Automobile et manutention - Sarla Technologies","robots":{"index":"index","follow":"follow","max-snippet":"max-snippet:-1","max-image-preview":"max-image-preview:large","max-video-preview":"max-video-preview:-1"},"canonical":"https:\/\/sarlatech.com\/fr\/secteurs\/automobile-et-manutention\/","og_locale":"fr_FR","og_type":"article","og_title":"Automobile et manutention - Sarla Technologies","og_description":"Nous am\u00e9liorons les processus de production et d\u2019exploitation dans les secteurs de la fabrication automobile et de la manutention en tirant parti de l&rsquo;automatisation de pointe et des solutions ax\u00e9es sur les donn\u00e9es, afin d\u2019am\u00e9liorer la qualit\u00e9, d\u2019acc\u00e9l\u00e9rer les livraisons et de faire \u00e9voluer les op\u00e9rations efficacement.","og_url":"https:\/\/sarlatech.com\/fr\/secteurs\/automobile-et-manutention\/","og_site_name":"Sarla Technologies","article_modified_time":"2025-08-08T10:35:52+00:00","og_image":[{"width":1916,"height":812,"url":"https:\/\/sarlatech.com\/wp-content\/uploads\/2025\/07\/shutterstock_2476186489-2.webp","type":"image\/webp"}],"twitter_card":"summary_large_image","twitter_misc":{"Dur\u00e9e de lecture estim\u00e9e":"1 minute"},"schema":{"@context":"https:\/\/schema.org","@graph":[{"@type":"WebPage","@id":"https:\/\/sarlatech.com\/fr\/secteurs\/automobile-et-manutention\/","url":"https:\/\/sarlatech.com\/fr\/secteurs\/automobile-et-manutention\/","name":"Automobile et manutention - Sarla Technologies","isPartOf":{"@id":"https:\/\/sarlatech.com\/fr\/#website"},"primaryImageOfPage":{"@id":"https:\/\/sarlatech.com\/fr\/secteurs\/automobile-et-manutention\/#primaryimage"},"image":{"@id":"https:\/\/sarlatech.com\/fr\/secteurs\/automobile-et-manutention\/#primaryimage"},"thumbnailUrl":"https:\/\/sarlatech.com\/wp-content\/uploads\/2025\/07\/shutterstock_2476186489-2.webp","datePublished":"2025-07-16T04:13:51+00:00","dateModified":"2025-08-08T10:35:52+00:00","breadcrumb":{"@id":"https:\/\/sarlatech.com\/fr\/secteurs\/automobile-et-manutention\/#breadcrumb"},"inLanguage":"fr-FR","potentialAction":[{"@type":"ReadAction","target":["https:\/\/sarlatech.com\/fr\/secteurs\/automobile-et-manutention\/"]}]},{"@type":"ImageObject","inLanguage":"fr-FR","@id":"https:\/\/sarlatech.com\/fr\/secteurs\/automobile-et-manutention\/#primaryimage","url":"https:\/\/sarlatech.com\/wp-content\/uploads\/2025\/07\/shutterstock_2476186489-2.webp","contentUrl":"https:\/\/sarlatech.com\/wp-content\/uploads\/2025\/07\/shutterstock_2476186489-2.webp","width":1916,"height":812},{"@type":"BreadcrumbList","@id":"https:\/\/sarlatech.com\/fr\/secteurs\/automobile-et-manutention\/#breadcrumb","itemListElement":[{"@type":"ListItem","position":1,"name":"Home","item":"https:\/\/sarlatech.com\/fr\/"},{"@type":"ListItem","position":2,"name":"Secteurs","item":"https:\/\/sarlatech.com\/fr\/secteurs\/"},{"@type":"ListItem","position":3,"name":"Automobile et manutention"}]},{"@type":"WebSite","@id":"https:\/\/sarlatech.com\/fr\/#website","url":"https:\/\/sarlatech.com\/fr\/","name":"Sarla Technologies","description":"Digital Consulting and Solutions Partner","publisher":{"@id":"https:\/\/sarlatech.com\/fr\/#organization"},"potentialAction":[{"@type":"SearchAction","target":{"@type":"EntryPoint","urlTemplate":"https:\/\/sarlatech.com\/fr\/?s={search_term_string}"},"query-input":{"@type":"PropertyValueSpecification","valueRequired":true,"valueName":"search_term_string"}}],"inLanguage":"fr-FR"},{"@type":"Organization","@id":"https:\/\/sarlatech.com\/fr\/#organization","name":"Sarla Technologies","url":"https:\/\/sarlatech.com\/fr\/","logo":{"@type":"ImageObject","inLanguage":"fr-FR","@id":"https:\/\/sarlatech.com\/fr\/#\/schema\/logo\/image\/","url":"https:\/\/sarlatech.com\/wp-content\/uploads\/2025\/07\/Sarla-Logo.webp","contentUrl":"https:\/\/sarlatech.com\/wp-content\/uploads\/2025\/07\/Sarla-Logo.webp","width":424,"height":184,"caption":"Sarla Technologies"},"image":{"@id":"https:\/\/sarlatech.com\/fr\/#\/schema\/logo\/image\/"}}]}},"_links":{"self":[{"href":"https:\/\/sarlatech.com\/fr\/wp-json\/wp\/v2\/pages\/4602","targetHints":{"allow":["GET"]}}],"collection":[{"href":"https:\/\/sarlatech.com\/fr\/wp-json\/wp\/v2\/pages"}],"about":[{"href":"https:\/\/sarlatech.com\/fr\/wp-json\/wp\/v2\/types\/page"}],"author":[{"embeddable":true,"href":"https:\/\/sarlatech.com\/fr\/wp-json\/wp\/v2\/users\/5"}],"replies":[{"embeddable":true,"href":"https:\/\/sarlatech.com\/fr\/wp-json\/wp\/v2\/comments?post=4602"}],"version-history":[{"count":7,"href":"https:\/\/sarlatech.com\/fr\/wp-json\/wp\/v2\/pages\/4602\/revisions"}],"predecessor-version":[{"id":6025,"href":"https:\/\/sarlatech.com\/fr\/wp-json\/wp\/v2\/pages\/4602\/revisions\/6025"}],"up":[{"embeddable":true,"href":"https:\/\/sarlatech.com\/fr\/wp-json\/wp\/v2\/pages\/1385"}],"wp:featuredmedia":[{"embeddable":true,"href":"https:\/\/sarlatech.com\/fr\/wp-json\/wp\/v2\/media\/4137"}],"wp:attachment":[{"href":"https:\/\/sarlatech.com\/fr\/wp-json\/wp\/v2\/media?parent=4602"}],"curies":[{"name":"wp","href":"https:\/\/api.w.org\/{rel}","templated":true}]}}