{"id":4566,"date":"2025-07-15T13:20:08","date_gmt":"2025-07-15T13:20:08","guid":{"rendered":"https:\/\/emerge.indusnettechnologies.com\/sarlatech\/wp\/?page_id=4566"},"modified":"2025-07-31T08:16:53","modified_gmt":"2025-07-31T08:16:53","slug":"sciences-de-la-vie","status":"publish","type":"page","link":"https:\/\/sarlatech.com\/fr\/secteurs\/sciences-de-la-vie\/","title":{"rendered":"Sciences de la vie"},"content":{"rendered":"<p>Nous am\u00e9liorons les op\u00e9rations de fabrication dans les secteurs pharmaceutique et des dispositifs m\u00e9dicaux gr\u00e2ce \u00e0 l\u2019automatisation avanc\u00e9e, \u00e0 la conformit\u00e9 r\u00e9glementaire et aux informations en temps r\u00e9el, pour des r\u00e9sultats plus intelligents, plus rapides et plus fiables.<\/p>\n","protected":false},"excerpt":{"rendered":"<p>Nous am\u00e9liorons les op\u00e9rations de fabrication dans les secteurs pharmaceutique et des dispositifs m\u00e9dicaux gr\u00e2ce \u00e0 l\u2019automatisation avanc\u00e9e, \u00e0 la conformit\u00e9 r\u00e9glementaire et aux informations en temps r\u00e9el, pour des r\u00e9sultats plus intelligents, plus rapides et plus fiables.<\/p>\n","protected":false},"author":5,"featured_media":4119,"parent":1385,"menu_order":0,"comment_status":"closed","ping_status":"closed","template":"templates\/template-sector-list.php","meta":{"_acf_changed":false,"footnotes":""},"class_list":["post-4566","page","type-page","status-publish","has-post-thumbnail","hentry","entry"],"acf":[],"yoast_head":"<!-- This site is optimized with the Yoast SEO plugin v27.3 - https:\/\/yoast.com\/product\/yoast-seo-wordpress\/ -->\n<title>Sciences de la vie - Sarla Technologies<\/title>\n<meta name=\"robots\" content=\"index, follow, max-snippet:-1, max-image-preview:large, max-video-preview:-1\" \/>\n<link rel=\"canonical\" href=\"https:\/\/sarlatech.com\/fr\/secteurs\/sciences-de-la-vie\/\" \/>\n<meta property=\"og:locale\" content=\"fr_FR\" \/>\n<meta property=\"og:type\" content=\"article\" \/>\n<meta property=\"og:title\" content=\"Sciences de la vie - Sarla Technologies\" \/>\n<meta property=\"og:description\" content=\"Nous am\u00e9liorons les op\u00e9rations de fabrication dans les secteurs pharmaceutique et des dispositifs m\u00e9dicaux gr\u00e2ce \u00e0 l\u2019automatisation avanc\u00e9e, \u00e0 la conformit\u00e9 r\u00e9glementaire et aux informations en temps r\u00e9el, pour des r\u00e9sultats plus intelligents, plus rapides et plus fiables.\" \/>\n<meta property=\"og:url\" content=\"https:\/\/sarlatech.com\/fr\/secteurs\/sciences-de-la-vie\/\" \/>\n<meta property=\"og:site_name\" content=\"Sarla Technologies\" \/>\n<meta property=\"article:modified_time\" content=\"2025-07-31T08:16:53+00:00\" \/>\n<meta property=\"og:image\" content=\"https:\/\/sarlatech.com\/wp-content\/uploads\/2025\/07\/shutterstock_2449650047-1.webp\" \/>\n\t<meta property=\"og:image:width\" content=\"1919\" \/>\n\t<meta property=\"og:image:height\" content=\"710\" \/>\n\t<meta property=\"og:image:type\" content=\"image\/webp\" \/>\n<meta name=\"twitter:card\" content=\"summary_large_image\" \/>\n<meta name=\"twitter:label1\" content=\"Dur\u00e9e de lecture estim\u00e9e\" \/>\n\t<meta name=\"twitter:data1\" content=\"1 minute\" \/>\n<script type=\"application\/ld+json\" class=\"yoast-schema-graph\">{\"@context\":\"https:\\\/\\\/schema.org\",\"@graph\":[{\"@type\":\"WebPage\",\"@id\":\"https:\\\/\\\/sarlatech.com\\\/fr\\\/secteurs\\\/sciences-de-la-vie\\\/\",\"url\":\"https:\\\/\\\/sarlatech.com\\\/fr\\\/secteurs\\\/sciences-de-la-vie\\\/\",\"name\":\"Sciences de la vie - Sarla Technologies\",\"isPartOf\":{\"@id\":\"https:\\\/\\\/sarlatech.com\\\/fr\\\/#website\"},\"primaryImageOfPage\":{\"@id\":\"https:\\\/\\\/sarlatech.com\\\/fr\\\/secteurs\\\/sciences-de-la-vie\\\/#primaryimage\"},\"image\":{\"@id\":\"https:\\\/\\\/sarlatech.com\\\/fr\\\/secteurs\\\/sciences-de-la-vie\\\/#primaryimage\"},\"thumbnailUrl\":\"https:\\\/\\\/sarlatech.com\\\/wp-content\\\/uploads\\\/2025\\\/07\\\/shutterstock_2449650047-1.webp\",\"datePublished\":\"2025-07-15T13:20:08+00:00\",\"dateModified\":\"2025-07-31T08:16:53+00:00\",\"breadcrumb\":{\"@id\":\"https:\\\/\\\/sarlatech.com\\\/fr\\\/secteurs\\\/sciences-de-la-vie\\\/#breadcrumb\"},\"inLanguage\":\"fr-FR\",\"potentialAction\":[{\"@type\":\"ReadAction\",\"target\":[\"https:\\\/\\\/sarlatech.com\\\/fr\\\/secteurs\\\/sciences-de-la-vie\\\/\"]}]},{\"@type\":\"ImageObject\",\"inLanguage\":\"fr-FR\",\"@id\":\"https:\\\/\\\/sarlatech.com\\\/fr\\\/secteurs\\\/sciences-de-la-vie\\\/#primaryimage\",\"url\":\"https:\\\/\\\/sarlatech.com\\\/wp-content\\\/uploads\\\/2025\\\/07\\\/shutterstock_2449650047-1.webp\",\"contentUrl\":\"https:\\\/\\\/sarlatech.com\\\/wp-content\\\/uploads\\\/2025\\\/07\\\/shutterstock_2449650047-1.webp\",\"width\":1919,\"height\":710},{\"@type\":\"BreadcrumbList\",\"@id\":\"https:\\\/\\\/sarlatech.com\\\/fr\\\/secteurs\\\/sciences-de-la-vie\\\/#breadcrumb\",\"itemListElement\":[{\"@type\":\"ListItem\",\"position\":1,\"name\":\"Home\",\"item\":\"https:\\\/\\\/sarlatech.com\\\/fr\\\/\"},{\"@type\":\"ListItem\",\"position\":2,\"name\":\"Secteurs\",\"item\":\"https:\\\/\\\/sarlatech.com\\\/fr\\\/secteurs\\\/\"},{\"@type\":\"ListItem\",\"position\":3,\"name\":\"Sciences de la vie\"}]},{\"@type\":\"WebSite\",\"@id\":\"https:\\\/\\\/sarlatech.com\\\/fr\\\/#website\",\"url\":\"https:\\\/\\\/sarlatech.com\\\/fr\\\/\",\"name\":\"Sarla Technologies\",\"description\":\"Digital Consulting and Solutions Partner\",\"publisher\":{\"@id\":\"https:\\\/\\\/sarlatech.com\\\/fr\\\/#organization\"},\"potentialAction\":[{\"@type\":\"SearchAction\",\"target\":{\"@type\":\"EntryPoint\",\"urlTemplate\":\"https:\\\/\\\/sarlatech.com\\\/fr\\\/?s={search_term_string}\"},\"query-input\":{\"@type\":\"PropertyValueSpecification\",\"valueRequired\":true,\"valueName\":\"search_term_string\"}}],\"inLanguage\":\"fr-FR\"},{\"@type\":\"Organization\",\"@id\":\"https:\\\/\\\/sarlatech.com\\\/fr\\\/#organization\",\"name\":\"Sarla Technologies\",\"url\":\"https:\\\/\\\/sarlatech.com\\\/fr\\\/\",\"logo\":{\"@type\":\"ImageObject\",\"inLanguage\":\"fr-FR\",\"@id\":\"https:\\\/\\\/sarlatech.com\\\/fr\\\/#\\\/schema\\\/logo\\\/image\\\/\",\"url\":\"https:\\\/\\\/sarlatech.com\\\/wp-content\\\/uploads\\\/2025\\\/07\\\/Sarla-Logo.webp\",\"contentUrl\":\"https:\\\/\\\/sarlatech.com\\\/wp-content\\\/uploads\\\/2025\\\/07\\\/Sarla-Logo.webp\",\"width\":424,\"height\":184,\"caption\":\"Sarla Technologies\"},\"image\":{\"@id\":\"https:\\\/\\\/sarlatech.com\\\/fr\\\/#\\\/schema\\\/logo\\\/image\\\/\"}}]}<\/script>\n<!-- \/ Yoast SEO plugin. -->","yoast_head_json":{"title":"Sciences de la vie - Sarla Technologies","robots":{"index":"index","follow":"follow","max-snippet":"max-snippet:-1","max-image-preview":"max-image-preview:large","max-video-preview":"max-video-preview:-1"},"canonical":"https:\/\/sarlatech.com\/fr\/secteurs\/sciences-de-la-vie\/","og_locale":"fr_FR","og_type":"article","og_title":"Sciences de la vie - Sarla Technologies","og_description":"Nous am\u00e9liorons les op\u00e9rations de fabrication dans les secteurs pharmaceutique et des dispositifs m\u00e9dicaux gr\u00e2ce \u00e0 l\u2019automatisation avanc\u00e9e, \u00e0 la conformit\u00e9 r\u00e9glementaire et aux informations en temps r\u00e9el, pour des r\u00e9sultats plus intelligents, plus rapides et plus fiables.","og_url":"https:\/\/sarlatech.com\/fr\/secteurs\/sciences-de-la-vie\/","og_site_name":"Sarla Technologies","article_modified_time":"2025-07-31T08:16:53+00:00","og_image":[{"width":1919,"height":710,"url":"https:\/\/sarlatech.com\/wp-content\/uploads\/2025\/07\/shutterstock_2449650047-1.webp","type":"image\/webp"}],"twitter_card":"summary_large_image","twitter_misc":{"Dur\u00e9e de lecture estim\u00e9e":"1 minute"},"schema":{"@context":"https:\/\/schema.org","@graph":[{"@type":"WebPage","@id":"https:\/\/sarlatech.com\/fr\/secteurs\/sciences-de-la-vie\/","url":"https:\/\/sarlatech.com\/fr\/secteurs\/sciences-de-la-vie\/","name":"Sciences de la vie - Sarla Technologies","isPartOf":{"@id":"https:\/\/sarlatech.com\/fr\/#website"},"primaryImageOfPage":{"@id":"https:\/\/sarlatech.com\/fr\/secteurs\/sciences-de-la-vie\/#primaryimage"},"image":{"@id":"https:\/\/sarlatech.com\/fr\/secteurs\/sciences-de-la-vie\/#primaryimage"},"thumbnailUrl":"https:\/\/sarlatech.com\/wp-content\/uploads\/2025\/07\/shutterstock_2449650047-1.webp","datePublished":"2025-07-15T13:20:08+00:00","dateModified":"2025-07-31T08:16:53+00:00","breadcrumb":{"@id":"https:\/\/sarlatech.com\/fr\/secteurs\/sciences-de-la-vie\/#breadcrumb"},"inLanguage":"fr-FR","potentialAction":[{"@type":"ReadAction","target":["https:\/\/sarlatech.com\/fr\/secteurs\/sciences-de-la-vie\/"]}]},{"@type":"ImageObject","inLanguage":"fr-FR","@id":"https:\/\/sarlatech.com\/fr\/secteurs\/sciences-de-la-vie\/#primaryimage","url":"https:\/\/sarlatech.com\/wp-content\/uploads\/2025\/07\/shutterstock_2449650047-1.webp","contentUrl":"https:\/\/sarlatech.com\/wp-content\/uploads\/2025\/07\/shutterstock_2449650047-1.webp","width":1919,"height":710},{"@type":"BreadcrumbList","@id":"https:\/\/sarlatech.com\/fr\/secteurs\/sciences-de-la-vie\/#breadcrumb","itemListElement":[{"@type":"ListItem","position":1,"name":"Home","item":"https:\/\/sarlatech.com\/fr\/"},{"@type":"ListItem","position":2,"name":"Secteurs","item":"https:\/\/sarlatech.com\/fr\/secteurs\/"},{"@type":"ListItem","position":3,"name":"Sciences de la vie"}]},{"@type":"WebSite","@id":"https:\/\/sarlatech.com\/fr\/#website","url":"https:\/\/sarlatech.com\/fr\/","name":"Sarla Technologies","description":"Digital Consulting and Solutions Partner","publisher":{"@id":"https:\/\/sarlatech.com\/fr\/#organization"},"potentialAction":[{"@type":"SearchAction","target":{"@type":"EntryPoint","urlTemplate":"https:\/\/sarlatech.com\/fr\/?s={search_term_string}"},"query-input":{"@type":"PropertyValueSpecification","valueRequired":true,"valueName":"search_term_string"}}],"inLanguage":"fr-FR"},{"@type":"Organization","@id":"https:\/\/sarlatech.com\/fr\/#organization","name":"Sarla Technologies","url":"https:\/\/sarlatech.com\/fr\/","logo":{"@type":"ImageObject","inLanguage":"fr-FR","@id":"https:\/\/sarlatech.com\/fr\/#\/schema\/logo\/image\/","url":"https:\/\/sarlatech.com\/wp-content\/uploads\/2025\/07\/Sarla-Logo.webp","contentUrl":"https:\/\/sarlatech.com\/wp-content\/uploads\/2025\/07\/Sarla-Logo.webp","width":424,"height":184,"caption":"Sarla Technologies"},"image":{"@id":"https:\/\/sarlatech.com\/fr\/#\/schema\/logo\/image\/"}}]}},"_links":{"self":[{"href":"https:\/\/sarlatech.com\/fr\/wp-json\/wp\/v2\/pages\/4566","targetHints":{"allow":["GET"]}}],"collection":[{"href":"https:\/\/sarlatech.com\/fr\/wp-json\/wp\/v2\/pages"}],"about":[{"href":"https:\/\/sarlatech.com\/fr\/wp-json\/wp\/v2\/types\/page"}],"author":[{"embeddable":true,"href":"https:\/\/sarlatech.com\/fr\/wp-json\/wp\/v2\/users\/5"}],"replies":[{"embeddable":true,"href":"https:\/\/sarlatech.com\/fr\/wp-json\/wp\/v2\/comments?post=4566"}],"version-history":[{"count":12,"href":"https:\/\/sarlatech.com\/fr\/wp-json\/wp\/v2\/pages\/4566\/revisions"}],"predecessor-version":[{"id":5614,"href":"https:\/\/sarlatech.com\/fr\/wp-json\/wp\/v2\/pages\/4566\/revisions\/5614"}],"up":[{"embeddable":true,"href":"https:\/\/sarlatech.com\/fr\/wp-json\/wp\/v2\/pages\/1385"}],"wp:featuredmedia":[{"embeddable":true,"href":"https:\/\/sarlatech.com\/fr\/wp-json\/wp\/v2\/media\/4119"}],"wp:attachment":[{"href":"https:\/\/sarlatech.com\/fr\/wp-json\/wp\/v2\/media?parent=4566"}],"curies":[{"name":"wp","href":"https:\/\/api.w.org\/{rel}","templated":true}]}}