{"id":1916,"date":"2025-04-01T04:05:23","date_gmt":"2025-04-01T04:05:23","guid":{"rendered":"https:\/\/emerge.indusnettechnologies.com\/sarlatech\/wp\/?page_id=1916"},"modified":"2025-08-18T18:52:34","modified_gmt":"2025-08-18T18:52:34","slug":"specialiste-en-conception-globale-et-en-ingenierie-detaillee","status":"publish","type":"page","link":"https:\/\/sarlatech.com\/fr\/capacites\/conception-et-ingenierie-detaillee\/","title":{"rendered":"Conception et ing\u00e9nierie d\u00e9taill\u00e9e"},"content":{"rendered":"","protected":false},"excerpt":{"rendered":"","protected":false},"author":5,"featured_media":4352,"parent":1381,"menu_order":0,"comment_status":"closed","ping_status":"closed","template":"templates\/template-design-detailed.php","meta":{"_acf_changed":false,"footnotes":""},"class_list":["post-1916","page","type-page","status-publish","has-post-thumbnail","hentry","entry"],"acf":[],"yoast_head":"<!-- This site is optimized with the Yoast SEO plugin v27.3 - https:\/\/yoast.com\/product\/yoast-seo-wordpress\/ -->\n<title>Conception et ing\u00e9nierie d\u00e9taill\u00e9e - Sarla Technologies<\/title>\n<meta name=\"robots\" content=\"index, follow, max-snippet:-1, max-image-preview:large, max-video-preview:-1\" \/>\n<link rel=\"canonical\" href=\"https:\/\/sarlatech.com\/fr\/capacites\/conception-et-ingenierie-detaillee\/\" \/>\n<meta property=\"og:locale\" content=\"fr_FR\" \/>\n<meta property=\"og:type\" content=\"article\" \/>\n<meta property=\"og:title\" content=\"Conception et ing\u00e9nierie d\u00e9taill\u00e9e - Sarla Technologies\" \/>\n<meta property=\"og:url\" content=\"https:\/\/sarlatech.com\/fr\/capacites\/conception-et-ingenierie-detaillee\/\" \/>\n<meta property=\"og:site_name\" content=\"Sarla Technologies\" \/>\n<meta property=\"article:modified_time\" content=\"2025-08-18T18:52:34+00:00\" \/>\n<meta property=\"og:image\" content=\"https:\/\/sarlatech.com\/wp-content\/uploads\/2025\/07\/shutterstock_2499962275-3.webp\" \/>\n\t<meta property=\"og:image:width\" content=\"1914\" \/>\n\t<meta property=\"og:image:height\" content=\"700\" \/>\n\t<meta property=\"og:image:type\" content=\"image\/webp\" \/>\n<meta name=\"twitter:card\" content=\"summary_large_image\" \/>\n<meta name=\"twitter:label1\" content=\"Dur\u00e9e de lecture estim\u00e9e\" \/>\n\t<meta name=\"twitter:data1\" content=\"1 minute\" \/>\n<script type=\"application\/ld+json\" class=\"yoast-schema-graph\">{\"@context\":\"https:\\\/\\\/schema.org\",\"@graph\":[{\"@type\":\"WebPage\",\"@id\":\"https:\\\/\\\/sarlatech.com\\\/fr\\\/capacites\\\/conception-et-ingenierie-detaillee\\\/\",\"url\":\"https:\\\/\\\/sarlatech.com\\\/fr\\\/capacites\\\/conception-et-ingenierie-detaillee\\\/\",\"name\":\"Conception et ing\u00e9nierie d\u00e9taill\u00e9e - Sarla Technologies\",\"isPartOf\":{\"@id\":\"https:\\\/\\\/sarlatech.com\\\/fr\\\/#website\"},\"primaryImageOfPage\":{\"@id\":\"https:\\\/\\\/sarlatech.com\\\/fr\\\/capacites\\\/conception-et-ingenierie-detaillee\\\/#primaryimage\"},\"image\":{\"@id\":\"https:\\\/\\\/sarlatech.com\\\/fr\\\/capacites\\\/conception-et-ingenierie-detaillee\\\/#primaryimage\"},\"thumbnailUrl\":\"https:\\\/\\\/sarlatech.com\\\/wp-content\\\/uploads\\\/2025\\\/07\\\/shutterstock_2499962275-3.webp\",\"datePublished\":\"2025-04-01T04:05:23+00:00\",\"dateModified\":\"2025-08-18T18:52:34+00:00\",\"breadcrumb\":{\"@id\":\"https:\\\/\\\/sarlatech.com\\\/fr\\\/capacites\\\/conception-et-ingenierie-detaillee\\\/#breadcrumb\"},\"inLanguage\":\"fr-FR\",\"potentialAction\":[{\"@type\":\"ReadAction\",\"target\":[\"https:\\\/\\\/sarlatech.com\\\/fr\\\/capacites\\\/conception-et-ingenierie-detaillee\\\/\"]}]},{\"@type\":\"ImageObject\",\"inLanguage\":\"fr-FR\",\"@id\":\"https:\\\/\\\/sarlatech.com\\\/fr\\\/capacites\\\/conception-et-ingenierie-detaillee\\\/#primaryimage\",\"url\":\"https:\\\/\\\/sarlatech.com\\\/wp-content\\\/uploads\\\/2025\\\/07\\\/shutterstock_2499962275-3.webp\",\"contentUrl\":\"https:\\\/\\\/sarlatech.com\\\/wp-content\\\/uploads\\\/2025\\\/07\\\/shutterstock_2499962275-3.webp\",\"width\":1914,\"height\":700},{\"@type\":\"BreadcrumbList\",\"@id\":\"https:\\\/\\\/sarlatech.com\\\/fr\\\/capacites\\\/conception-et-ingenierie-detaillee\\\/#breadcrumb\",\"itemListElement\":[{\"@type\":\"ListItem\",\"position\":1,\"name\":\"Home\",\"item\":\"https:\\\/\\\/sarlatech.com\\\/fr\\\/\"},{\"@type\":\"ListItem\",\"position\":2,\"name\":\"Capacit\u00e9s\",\"item\":\"https:\\\/\\\/sarlatech.com\\\/fr\\\/capacites\\\/\"},{\"@type\":\"ListItem\",\"position\":3,\"name\":\"Conception et ing\u00e9nierie d\u00e9taill\u00e9e\"}]},{\"@type\":\"WebSite\",\"@id\":\"https:\\\/\\\/sarlatech.com\\\/fr\\\/#website\",\"url\":\"https:\\\/\\\/sarlatech.com\\\/fr\\\/\",\"name\":\"Sarla Technologies\",\"description\":\"Digital Consulting and Solutions Partner\",\"publisher\":{\"@id\":\"https:\\\/\\\/sarlatech.com\\\/fr\\\/#organization\"},\"potentialAction\":[{\"@type\":\"SearchAction\",\"target\":{\"@type\":\"EntryPoint\",\"urlTemplate\":\"https:\\\/\\\/sarlatech.com\\\/fr\\\/?s={search_term_string}\"},\"query-input\":{\"@type\":\"PropertyValueSpecification\",\"valueRequired\":true,\"valueName\":\"search_term_string\"}}],\"inLanguage\":\"fr-FR\"},{\"@type\":\"Organization\",\"@id\":\"https:\\\/\\\/sarlatech.com\\\/fr\\\/#organization\",\"name\":\"Sarla Technologies\",\"url\":\"https:\\\/\\\/sarlatech.com\\\/fr\\\/\",\"logo\":{\"@type\":\"ImageObject\",\"inLanguage\":\"fr-FR\",\"@id\":\"https:\\\/\\\/sarlatech.com\\\/fr\\\/#\\\/schema\\\/logo\\\/image\\\/\",\"url\":\"https:\\\/\\\/sarlatech.com\\\/wp-content\\\/uploads\\\/2025\\\/07\\\/Sarla-Logo.webp\",\"contentUrl\":\"https:\\\/\\\/sarlatech.com\\\/wp-content\\\/uploads\\\/2025\\\/07\\\/Sarla-Logo.webp\",\"width\":424,\"height\":184,\"caption\":\"Sarla Technologies\"},\"image\":{\"@id\":\"https:\\\/\\\/sarlatech.com\\\/fr\\\/#\\\/schema\\\/logo\\\/image\\\/\"}}]}<\/script>\n<!-- \/ Yoast SEO plugin. -->","yoast_head_json":{"title":"Conception et ing\u00e9nierie d\u00e9taill\u00e9e - Sarla Technologies","robots":{"index":"index","follow":"follow","max-snippet":"max-snippet:-1","max-image-preview":"max-image-preview:large","max-video-preview":"max-video-preview:-1"},"canonical":"https:\/\/sarlatech.com\/fr\/capacites\/conception-et-ingenierie-detaillee\/","og_locale":"fr_FR","og_type":"article","og_title":"Conception et ing\u00e9nierie d\u00e9taill\u00e9e - Sarla Technologies","og_url":"https:\/\/sarlatech.com\/fr\/capacites\/conception-et-ingenierie-detaillee\/","og_site_name":"Sarla Technologies","article_modified_time":"2025-08-18T18:52:34+00:00","og_image":[{"width":1914,"height":700,"url":"https:\/\/sarlatech.com\/wp-content\/uploads\/2025\/07\/shutterstock_2499962275-3.webp","type":"image\/webp"}],"twitter_card":"summary_large_image","twitter_misc":{"Dur\u00e9e de lecture estim\u00e9e":"1 minute"},"schema":{"@context":"https:\/\/schema.org","@graph":[{"@type":"WebPage","@id":"https:\/\/sarlatech.com\/fr\/capacites\/conception-et-ingenierie-detaillee\/","url":"https:\/\/sarlatech.com\/fr\/capacites\/conception-et-ingenierie-detaillee\/","name":"Conception et ing\u00e9nierie d\u00e9taill\u00e9e - Sarla Technologies","isPartOf":{"@id":"https:\/\/sarlatech.com\/fr\/#website"},"primaryImageOfPage":{"@id":"https:\/\/sarlatech.com\/fr\/capacites\/conception-et-ingenierie-detaillee\/#primaryimage"},"image":{"@id":"https:\/\/sarlatech.com\/fr\/capacites\/conception-et-ingenierie-detaillee\/#primaryimage"},"thumbnailUrl":"https:\/\/sarlatech.com\/wp-content\/uploads\/2025\/07\/shutterstock_2499962275-3.webp","datePublished":"2025-04-01T04:05:23+00:00","dateModified":"2025-08-18T18:52:34+00:00","breadcrumb":{"@id":"https:\/\/sarlatech.com\/fr\/capacites\/conception-et-ingenierie-detaillee\/#breadcrumb"},"inLanguage":"fr-FR","potentialAction":[{"@type":"ReadAction","target":["https:\/\/sarlatech.com\/fr\/capacites\/conception-et-ingenierie-detaillee\/"]}]},{"@type":"ImageObject","inLanguage":"fr-FR","@id":"https:\/\/sarlatech.com\/fr\/capacites\/conception-et-ingenierie-detaillee\/#primaryimage","url":"https:\/\/sarlatech.com\/wp-content\/uploads\/2025\/07\/shutterstock_2499962275-3.webp","contentUrl":"https:\/\/sarlatech.com\/wp-content\/uploads\/2025\/07\/shutterstock_2499962275-3.webp","width":1914,"height":700},{"@type":"BreadcrumbList","@id":"https:\/\/sarlatech.com\/fr\/capacites\/conception-et-ingenierie-detaillee\/#breadcrumb","itemListElement":[{"@type":"ListItem","position":1,"name":"Home","item":"https:\/\/sarlatech.com\/fr\/"},{"@type":"ListItem","position":2,"name":"Capacit\u00e9s","item":"https:\/\/sarlatech.com\/fr\/capacites\/"},{"@type":"ListItem","position":3,"name":"Conception et ing\u00e9nierie d\u00e9taill\u00e9e"}]},{"@type":"WebSite","@id":"https:\/\/sarlatech.com\/fr\/#website","url":"https:\/\/sarlatech.com\/fr\/","name":"Sarla Technologies","description":"Digital Consulting and Solutions Partner","publisher":{"@id":"https:\/\/sarlatech.com\/fr\/#organization"},"potentialAction":[{"@type":"SearchAction","target":{"@type":"EntryPoint","urlTemplate":"https:\/\/sarlatech.com\/fr\/?s={search_term_string}"},"query-input":{"@type":"PropertyValueSpecification","valueRequired":true,"valueName":"search_term_string"}}],"inLanguage":"fr-FR"},{"@type":"Organization","@id":"https:\/\/sarlatech.com\/fr\/#organization","name":"Sarla Technologies","url":"https:\/\/sarlatech.com\/fr\/","logo":{"@type":"ImageObject","inLanguage":"fr-FR","@id":"https:\/\/sarlatech.com\/fr\/#\/schema\/logo\/image\/","url":"https:\/\/sarlatech.com\/wp-content\/uploads\/2025\/07\/Sarla-Logo.webp","contentUrl":"https:\/\/sarlatech.com\/wp-content\/uploads\/2025\/07\/Sarla-Logo.webp","width":424,"height":184,"caption":"Sarla Technologies"},"image":{"@id":"https:\/\/sarlatech.com\/fr\/#\/schema\/logo\/image\/"}}]}},"_links":{"self":[{"href":"https:\/\/sarlatech.com\/fr\/wp-json\/wp\/v2\/pages\/1916","targetHints":{"allow":["GET"]}}],"collection":[{"href":"https:\/\/sarlatech.com\/fr\/wp-json\/wp\/v2\/pages"}],"about":[{"href":"https:\/\/sarlatech.com\/fr\/wp-json\/wp\/v2\/types\/page"}],"author":[{"embeddable":true,"href":"https:\/\/sarlatech.com\/fr\/wp-json\/wp\/v2\/users\/5"}],"replies":[{"embeddable":true,"href":"https:\/\/sarlatech.com\/fr\/wp-json\/wp\/v2\/comments?post=1916"}],"version-history":[{"count":31,"href":"https:\/\/sarlatech.com\/fr\/wp-json\/wp\/v2\/pages\/1916\/revisions"}],"predecessor-version":[{"id":6666,"href":"https:\/\/sarlatech.com\/fr\/wp-json\/wp\/v2\/pages\/1916\/revisions\/6666"}],"up":[{"embeddable":true,"href":"https:\/\/sarlatech.com\/fr\/wp-json\/wp\/v2\/pages\/1381"}],"wp:featuredmedia":[{"embeddable":true,"href":"https:\/\/sarlatech.com\/fr\/wp-json\/wp\/v2\/media\/4352"}],"wp:attachment":[{"href":"https:\/\/sarlatech.com\/fr\/wp-json\/wp\/v2\/media?parent=1916"}],"curies":[{"name":"wp","href":"https:\/\/api.w.org\/{rel}","templated":true}]}}